{"id":1392,"date":"2014-04-09T15:46:41","date_gmt":"2014-04-09T13:46:41","guid":{"rendered":"https:\/\/fawino.ch\/shop-2\/"},"modified":"2025-11-24T10:54:42","modified_gmt":"2025-11-24T09:54:42","slug":"shop","status":"publish","type":"page","link":"https:\/\/fawino.ch\/fr\/shop\/","title":{"rendered":"Shop"},"content":{"rendered":"<div class=\"wpb-content-wrapper\"><p>[vc_row][vc_column][vc_single_image image=\u00a0\u00bb1610&Prime; img_size=\u00a0\u00bbfull\u00a0\u00bb alignment=\u00a0\u00bbcenter\u00a0\u00bb css=\u00a0\u00bb.vc_custom_1691675406136{padding-bottom: 60px !important;}\u00a0\u00bb]\n<div class=\"wpcf7 no-js\" id=\"wpcf7-f1427-o1\" lang=\"it-IT\" dir=\"ltr\" data-wpcf7-id=\"1427\">\n<div class=\"screen-reader-response\"><p role=\"status\" aria-live=\"polite\" aria-atomic=\"true\"><\/p> <ul><\/ul><\/div>\n<form action=\"\/fr\/wp-json\/wp\/v2\/pages\/1392#wpcf7-f1427-o1\" method=\"post\" class=\"wpcf7-form init\" aria-label=\"Modulo di contatto\" novalidate=\"novalidate\" data-status=\"init\">\n<fieldset class=\"hidden-fields-container\"><input type=\"hidden\" name=\"_wpcf7\" value=\"1427\" \/><input type=\"hidden\" name=\"_wpcf7_version\" value=\"6.1.5\" \/><input type=\"hidden\" name=\"_wpcf7_locale\" value=\"it_IT\" \/><input type=\"hidden\" name=\"_wpcf7_unit_tag\" value=\"wpcf7-f1427-o1\" \/><input type=\"hidden\" name=\"_wpcf7_container_post\" value=\"0\" \/><input type=\"hidden\" name=\"_wpcf7_posted_data_hash\" value=\"\" \/><input type=\"hidden\" name=\"nlang\" value=\"fr\" \/>\n<\/fieldset>\n<table width=\"100%\">\n\t<tr>\n\t\t<td width=\"50%\">\n\t\t\t<p><img decoding=\"async\" src=\"http:\/\/www.fawino.ch\/images\/goccia-giullare.jpg\" \/>\n\t\t\t\t<font color=\"#222222\"><strong>GIULLARE<\/strong>\n\t\t\t\t<\/font><br \/>\nBianco di Merlot DOC<br \/>\nFr. 18.- \/ bott.\n\t\t\t<\/p>\n\t\t\t<font color=\"#000000\">Nombres de bouteilles =\n\t\t\t<\/font>\n\t\t\t<p><span class=\"wpcf7-form-control-wrap\" data-name=\"number-01\"><input class=\"wpcf7-form-control wpcf7-number wpcf7-validates-as-number\" id=\"1\" min=\"0\" aria-invalid=\"false\" value=\"0\" type=\"number\" name=\"number-01\" \/><\/span>\n\t\t\t<\/p>\n\t\t<\/td>\n\t\t<td width=\"50%\">\n\t\t\t<p><img decoding=\"async\" src=\"http:\/\/www.fawino.ch\/images\/goccia-elsbeth.jpg\" \/>\n\t\t\t\t<font color=\"#222222\"><strong>ELSBETH<\/strong>\n\t\t\t\t<\/font><br \/>\nBianco del Ticino DOC<br \/>\nFr. 25.- \/ bott.\n\t\t\t<\/p>\n\t\t\t<font color=\"#000000\">Nombres de bouteilles =\n\t\t\t<\/font>\n\t\t\t<p><span class=\"wpcf7-form-control-wrap\" data-name=\"number-02\"><input class=\"wpcf7-form-control wpcf7-number wpcf7-validates-as-number\" min=\"0\" aria-invalid=\"false\" value=\"0\" type=\"number\" name=\"number-02\" \/><\/span>\n\t\t\t<\/p>\n\t\t<\/td>\n\t<\/tr>\n\t<tr>\n\t\t<td width=\"50%\">\n\t\t\t<p><img decoding=\"async\" src=\"http:\/\/www.fawino.ch\/images\/goccia-cantastorie.png\" \/>\n\t\t\t\t<font color=\"#222222\"><strong>CANTASTORIE sans sulphites<\/strong>\n\t\t\t\t<\/font><br \/>\nTicino DOC Merlot<br \/>\nFr. 22.50 \/ bott.\n\t\t\t<\/p>\n\t\t\t<font color=\"#000000\">Nombres de bouteilles =\n\t\t\t<\/font>\n\t\t\t<p><span class=\"wpcf7-form-control-wrap\" data-name=\"number-09\"><input class=\"wpcf7-form-control wpcf7-number wpcf7-validates-as-number\" min=\"0\" aria-invalid=\"false\" value=\"0\" type=\"number\" name=\"number-09\" \/><\/span>\n\t\t\t<\/p>\n\t\t<\/td>\n\t\t<td width=\"50%\">\n\t\t\t<p><img decoding=\"async\" src=\"http:\/\/www.fawino.ch\/images\/goccia-cantastorie.png\" \/>\n\t\t\t\t<font color=\"#222222\"><strong>CANTASTORIE<\/strong>\n\t\t\t\t<\/font><br \/>\nTicino DOC Merlot <img decoding=\"async\" src=\"https:\/\/fawino.ch\/wp-content\/uploads\/2024\/07\/Gold-medal-2.png\" \/><i>Gold Medal<\/i><br \/>\nFr. 18.- \/ bott.\n\t\t\t<\/p>\n\t\t\t<font color=\"#000000\">Nombres de bouteilles =\n\t\t\t<\/font>\n\t\t\t<p><span class=\"wpcf7-form-control-wrap\" data-name=\"number-04\"><input class=\"wpcf7-form-control wpcf7-number wpcf7-validates-as-number\" min=\"0\" aria-invalid=\"false\" value=\"0\" type=\"number\" name=\"number-04\" \/><\/span>\n\t\t\t<\/p>\n\t\t<\/td>\n\t<\/tr>\n\t<tr>\n\t\t<td width=\"50%\">\n\t\t\t<p><img decoding=\"async\" src=\"http:\/\/www.fawino.ch\/images\/goccia-meride.jpg\" \/>\n\t\t\t\t<font color=\"#222222\"><strong>MERIDE<\/strong>\n\t\t\t\t<\/font><br \/>\nTicino DOC Merlot <img decoding=\"async\" src=\"https:\/\/fawino.ch\/wp-content\/uploads\/2024\/07\/Gold-medal-2.png\" \/><i>Gold Medal<\/i><br \/>\nFr. 26.50 \/ bott.\n\t\t\t<\/p>\n\t\t\t<font color=\"#000000\">Nombres de bouteilles =\n\t\t\t<\/font>\n\t\t\t<p><span class=\"wpcf7-form-control-wrap\" data-name=\"number-06\"><input class=\"wpcf7-form-control wpcf7-number wpcf7-validates-as-number\" min=\"0\" aria-invalid=\"false\" value=\"0\" type=\"number\" name=\"number-06\" \/><\/span>\n\t\t\t<\/p>\n\t\t<\/td>\n\t\t<td width=\"50%\">\n\t\t\t<p><img decoding=\"async\" src=\"http:\/\/www.fawino.ch\/images\/goccia-musa.png\" \/>\n\t\t\t\t<font color=\"#222222\"><strong>MUSA<\/strong>\n\t\t\t\t<\/font><br \/>\nTicino DOC Merlot<br \/>\nFr. 35.- \/ bott.\n\t\t\t<\/p>\n\t\t\t<font color=\"#000000\">Nombres de bouteilles =\n\t\t\t<\/font>\n\t\t\t<p><span class=\"wpcf7-form-control-wrap\" data-name=\"number-07\"><input class=\"wpcf7-form-control wpcf7-number wpcf7-validates-as-number\" min=\"0\" aria-invalid=\"false\" value=\"0\" type=\"number\" name=\"number-07\" \/><\/span>\n\t\t\t<\/p>\n\t\t<\/td>\n\t<\/tr>\n\t<tr>\n\t\t<td width=\"50%\">\n\t\t\t<p><img decoding=\"async\" src=\"http:\/\/www.fawino.ch\/images\/goccia-cantastorie.png\" \/>\n\t\t\t\t<font color=\"#222222\"><strong>MANGIAFUOCO<\/strong>\n\t\t\t\t<\/font><br \/>\nRosso del Ticino DOC<br \/>\nFr. 36.- \/ bott.\n\t\t\t<\/p>\n\t\t\t<font color=\"#000000\">Nombres de bouteilles =\n\t\t\t<\/font>\n\t\t\t<p><span class=\"wpcf7-form-control-wrap\" data-name=\"number-11\"><input class=\"wpcf7-form-control wpcf7-number wpcf7-validates-as-number\" min=\"0\" aria-invalid=\"false\" value=\"0\" type=\"number\" name=\"number-11\" \/><\/span>\n\t\t\t<\/p>\n\t\t<\/td>\n\t\t<td width=\"50%\">\n\t\t<\/td>\n\t<\/tr>\n\t<tr>\n\t\t<td width=\"50%\">\n\t\t\t<p><img decoding=\"async\" src=\"http:\/\/www.fawino.ch\/images\/goccia-rosato.png\" \/>\n\t\t\t\t<font color=\"#222222\"><strong>SALTIMBANCO ROS\u00c9<\/strong>\n\t\t\t\t<\/font><br \/>\nSpumante Ros\u00e9 Brut ITG Svizzera<br \/>\nFr. 28.50 \/ bott.\n\t\t\t<\/p>\n\t\t\t<font color=\"#000000\">Nombres de bouteilles =\n\t\t\t<\/font>\n\t\t\t<p><span class=\"wpcf7-form-control-wrap\" data-name=\"number-08\"><input class=\"wpcf7-form-control wpcf7-number wpcf7-validates-as-number\" min=\"0\" aria-invalid=\"false\" value=\"0\" type=\"number\" name=\"number-08\" \/><\/span>\n\t\t\t<\/p>\n\t\t<\/td>\n\t\t<td width=\"50%\">\n\t\t\t<p><img decoding=\"async\" src=\"http:\/\/www.fawino.ch\/images\/goccia-giullare.jpg\" \/>\n\t\t\t\t<font color=\"#222222\"><strong>SALTIMBANCO BIANCO<\/strong>\n\t\t\t\t<\/font><br \/>\nSpumante Chardonnay Brut ITG Svizzera<br \/>\nFr. 31.50 \/ bott.\n\t\t\t<\/p>\n\t\t\t<font color=\"#000000\">Nombres de bouteilles =\n\t\t\t<\/font>\n\t\t\t<p><span class=\"wpcf7-form-control-wrap\" data-name=\"number-10\"><input class=\"wpcf7-form-control wpcf7-number wpcf7-validates-as-number\" min=\"0\" aria-invalid=\"false\" value=\"0\" type=\"number\" name=\"number-10\" \/><\/span>\n\t\t\t<\/p>\n\t\t<\/td>\n\t<\/tr>\n<\/table>\n<p><strong>CODE DE R\u00c9DUCTION<\/strong>\n<\/p>\n<p><span class=\"wpcf7-form-control-wrap\" data-name=\"text-592\"><input size=\"40\" maxlength=\"400\" class=\"wpcf7-form-control wpcf7-text\" aria-invalid=\"false\" value=\"\" type=\"text\" name=\"text-592\" \/><\/span>\n<\/p>\n<p><strong>RETRAIT DE MARCHANDISES<\/strong>\n<\/p>\n<p><span class=\"wpcf7-form-control-wrap\" data-name=\"radio-723\"><span class=\"wpcf7-form-control wpcf7-radio\"><span class=\"wpcf7-list-item first\"><label><input type=\"radio\" name=\"radio-723\" value=\"Livraison \u00e0 domicile de marchandises\" checked=\"checked\" \/><span class=\"wpcf7-list-item-label\">Livraison \u00e0 domicile de marchandises<\/span><\/label><\/span><span class=\"wpcf7-list-item last\"><label><input type=\"radio\" name=\"radio-723\" value=\"Collecte de marchandises \u00e0 notre bureau\" \/><span class=\"wpcf7-list-item-label\">Collecte de marchandises \u00e0 notre bureau<\/span><\/label><\/span><\/span><\/span>\n<\/p>\n<p>Nom et pr\u00e9nom\n\t<font color=\"#9c173d\">*\n\t<\/font>\n<\/p>\n<p><span class=\"wpcf7-form-control-wrap\" data-name=\"your-name\"><input size=\"40\" maxlength=\"400\" class=\"wpcf7-form-control wpcf7-text wpcf7-validates-as-required\" aria-required=\"true\" aria-invalid=\"false\" value=\"\" type=\"text\" name=\"your-name\" \/><\/span>\n<\/p>\n<p>E-mail\n\t<font color=\"#9c173d\">*\n\t<\/font>\n<\/p>\n<p><span class=\"wpcf7-form-control-wrap\" data-name=\"your-email\"><input size=\"40\" maxlength=\"400\" class=\"wpcf7-form-control wpcf7-email wpcf7-validates-as-required wpcf7-text wpcf7-validates-as-email\" aria-required=\"true\" aria-invalid=\"false\" value=\"\" type=\"email\" name=\"your-email\" \/><\/span>\n<\/p>\n<p>Adresse\n\t<font color=\"#9c173d\">*\n\t<\/font>\n<\/p>\n<p><span class=\"wpcf7-form-control-wrap\" data-name=\"your-message\"><textarea cols=\"40\" rows=\"10\" maxlength=\"2000\" class=\"wpcf7-form-control wpcf7-textarea wpcf7-validates-as-required\" aria-required=\"true\" aria-invalid=\"false\" name=\"your-message\"><\/textarea><\/span>\n<\/p>\n<p>Remarques\n<\/p>\n<p><span class=\"wpcf7-form-control-wrap\" data-name=\"textarea-548\"><textarea cols=\"40\" rows=\"10\" maxlength=\"2000\" class=\"wpcf7-form-control wpcf7-textarea\" aria-invalid=\"false\" name=\"textarea-548\"><\/textarea><\/span>\n<\/p>\n<p>Anti-spam\n\t<font color=\"#9c173d\">*\n\t<\/font> - R\u00e9pondre \u00e0 la question suivante: <span class=\"wpcf7-form-control-wrap\" data-name=\"capital-quiz\"><label><span class=\"wpcf7-quiz-label\">la capitale de la Norv\u00e8ge est Oslo ou Malibu?<\/span> <input size=\"40\" class=\"wpcf7-form-control wpcf7-quiz\" id=\"qatest\" autocomplete=\"off\" aria-required=\"true\" aria-invalid=\"false\" type=\"text\" name=\"capital-quiz\" \/><\/label><input type=\"hidden\" name=\"_wpcf7_quiz_answer_capital-quiz\" value=\"878106f17911d2cea2275fdddcfc3a97\" \/><\/span>\n<\/p>\n<p>\n\t<font color=\"#9c173d\">*\n\t<\/font> Champs obligatoires\n<\/p>\n<p><input class=\"wpcf7-form-control wpcf7-submit has-spinner\" type=\"submit\" value=\"Soumettez votre commande\" \/>\n<\/p>\n<p>Nous vous enverrons la confirmation de commande avec le montant exact d\u00fb dans les plus brefs d\u00e9lais.\n<\/p><div class=\"wpcf7-response-output\" aria-hidden=\"true\"><\/div>\n<\/form>\n<\/div>\n<div id=\"ultimate-heading-7169e45c9e0fc63\" class=\"uvc-heading ult-adjust-bottom-margin ultimate-heading-7169e45c9e0fc63 uvc-1666 accent-title-color uvc-heading-default-font-sizes\" data-hspacer=\"line_with_icon\" data-hline_width=\"auto\" data-hicon_type=\"custom\" data-hborder_style=\"solid\" data-hborder_height=\"1\" data-hborder_color=\"#bcbcbc\" data-icon_width=\"16\" data-hfixer=\"10\"  data-halign=\"center\" style=\"text-align:center\"><div class=\"uvc-main-heading ult-responsive\"  data-ultimate-target='.uvc-heading.ultimate-heading-7169e45c9e0fc63 h3'  data-responsive-json-new='{\"font-size\":\"\",\"line-height\":\"\"}' ><h3 style=\"--font-weight:theme;margin-top:60px;\">Nos forfaits<\/h3><\/div><div class=\"uvc-heading-spacer line_with_icon\" style=\"margin-bottom:30px;\"><div class=\"ult-just-icon-wrapper  \"><div class=\"align-icon\" style=\"text-align:center;\">\n<div class=\"aio-icon-img \" style=\"font-size:16px;display:inline-block;\" >\n\t<img decoding=\"async\" class=\"img-icon\" alt=\"null\" src=\"https:\/\/fawino.ch\/wp-content\/uploads\/2014\/09\/favicon.jpg\"\/>\n<\/div><\/div><\/div><\/div><\/div>[vc_row_inner][vc_column_inner width=\u00a0\u00bb1\/6&Prime;][\/vc_column_inner][vc_column_inner width=\u00a0\u00bb2\/3&Prime;][vc_single_image image=\u00a0\u00bb1985&Prime; img_size=\u00a0\u00bbfull\u00a0\u00bb css=\u00a0\u00bb.vc_custom_1695800199918{padding-bottom: 20px !important;}\u00a0\u00bb][vc_column_text]<\/p>\n<p style=\"text-align: center;\"><strong><a href=\"https:\/\/fawino.ch\/wp-content\/uploads\/2023\/09\/Imballaggi.pdf\" target=\"_blank\" rel=\"noopener\">&gt;&gt;&gt; T\u00e9l\u00e9chargez le fichier PDF<\/a><\/strong><\/p>\n<p>[\/vc_column_text][\/vc_column_inner][vc_column_inner width=\u00a0\u00bb1\/6&Prime;][\/vc_column_inner][\/vc_row_inner]<div id=\"ultimate-heading-681669e45c9e0fdc3\" class=\"uvc-heading ult-adjust-bottom-margin ultimate-heading-681669e45c9e0fdc3 uvc-9988 accent-title-color uvc-heading-default-font-sizes\" data-hspacer=\"line_with_icon\" data-hline_width=\"auto\" data-hicon_type=\"custom\" data-hborder_style=\"solid\" data-hborder_height=\"1\" data-hborder_color=\"#bcbcbc\" data-icon_width=\"16\" data-hfixer=\"10\"  data-halign=\"center\" style=\"text-align:center\"><div class=\"uvc-main-heading ult-responsive\"  data-ultimate-target='.uvc-heading.ultimate-heading-681669e45c9e0fdc3 h3'  data-responsive-json-new='{\"font-size\":\"\",\"line-height\":\"\"}' ><h3 style=\"--font-weight:theme;margin-top:60px;\">Conditions de vente<\/h3><\/div><div class=\"uvc-heading-spacer line_with_icon\" style=\"margin-bottom:30px;\"><div class=\"ult-just-icon-wrapper  \"><div class=\"align-icon\" style=\"text-align:center;\">\n<div class=\"aio-icon-img \" style=\"font-size:16px;display:inline-block;\" >\n\t<img decoding=\"async\" class=\"img-icon\" alt=\"null\" src=\"https:\/\/fawino.ch\/wp-content\/uploads\/2014\/09\/favicon.jpg\"\/>\n<\/div><\/div><\/div><\/div><\/div>[vc_column_text css=\u00a0\u00bb\u00a0\u00bb]<strong>Paiement<\/strong><br \/>\nEsp\u00e8ces ou bulletin de versement net \u00e0 30 jours.<\/p>\n<p><strong>Prix<\/strong><br \/>\nTous les prix s&rsquo;entendent TVA comprise, en francs suisses (CHF) et se r\u00e9f\u00e8rent aux marchandises retir\u00e9es \u00e0 notre cave.<\/p>\n<p><strong>Livraisons<\/strong><br \/>\nLivraison de la marchandise exclusivement en Suisse. Commande minimale : 6 bouteilles.<\/p>\n<p><strong>Frais de port &#8211; Planzer (agg. 09.2023)<br \/>\n<\/strong>6 bouteilles: 12.- CHF<br \/>\n12 bouteilles: 24.- CHF<br \/>\n18 bouteilles: 36.- CHF<br \/>\n24 bouteilles: 48.- CHF<br \/>\n36 bouteilles: 60.- CHF<br \/>\n48 bouteilles: 72.- CHF<\/p>\n<p>La vente d&rsquo;alcool est interdite aux moins de 18 ans.\u00a0Nous nous r\u00e9servons le droit de modifier les prix et les mill\u00e9simes (sous r\u00e9serve de disponibilit\u00e9).\u00a0Les informations personnelles n\u00e9cessaires au traitement de votre commande sont collect\u00e9es et trait\u00e9es de mani\u00e8re confidentielle.[\/vc_column_text][\/vc_column][\/vc_row][vc_row][vc_column][\/vc_column][\/vc_row]<\/p>\n<\/div>","protected":false},"excerpt":{"rendered":"<p>[vc_row][vc_column][vc_single_image image=\u00a0\u00bb1610&Prime; img_size=\u00a0\u00bbfull\u00a0\u00bb alignment=\u00a0\u00bbcenter\u00a0\u00bb css=\u00a0\u00bb.vc_custom_1691675406136{padding-bottom: 60px !important;}\u00a0\u00bb][vc_row_inner][vc_column_inner width=\u00a0\u00bb1\/6&Prime;][\/vc_column_inner][vc_column_inner width=\u00a0\u00bb2\/3&Prime;][vc_single_image image=\u00a0\u00bb1985&Prime; img_size=\u00a0\u00bbfull\u00a0\u00bb css=\u00a0\u00bb.vc_custom_1695800199918{padding-bottom: 20px !important;}\u00a0\u00bb][vc_column_text] &gt;&gt;&gt; T\u00e9l\u00e9chargez le fichier PDF [\/vc_column_text][\/vc_column_inner][vc_column_inner width=\u00a0\u00bb1\/6&Prime;][\/vc_column_inner][\/vc_row_inner][vc_column_text css=\u00a0\u00bb\u00a0\u00bb]Paiement Esp\u00e8ces ou bulletin de versement net \u00e0 30 jours. Prix Tous les prix s&rsquo;entendent TVA comprise, en francs suisses (CHF) et se r\u00e9f\u00e8rent aux marchandises retir\u00e9es \u00e0 notre cave. Livraisons Livraison de la&hellip;<\/p>\n","protected":false},"author":3,"featured_media":0,"parent":0,"menu_order":0,"comment_status":"closed","ping_status":"closed","template":"","meta":{"footnotes":""},"class_list":["post-1392","page","type-page","status-publish","hentry","description-off"],"_links":{"self":[{"href":"https:\/\/fawino.ch\/fr\/wp-json\/wp\/v2\/pages\/1392","targetHints":{"allow":["GET"]}}],"collection":[{"href":"https:\/\/fawino.ch\/fr\/wp-json\/wp\/v2\/pages"}],"about":[{"href":"https:\/\/fawino.ch\/fr\/wp-json\/wp\/v2\/types\/page"}],"author":[{"embeddable":true,"href":"https:\/\/fawino.ch\/fr\/wp-json\/wp\/v2\/users\/3"}],"replies":[{"embeddable":true,"href":"https:\/\/fawino.ch\/fr\/wp-json\/wp\/v2\/comments?post=1392"}],"version-history":[{"count":12,"href":"https:\/\/fawino.ch\/fr\/wp-json\/wp\/v2\/pages\/1392\/revisions"}],"predecessor-version":[{"id":2172,"href":"https:\/\/fawino.ch\/fr\/wp-json\/wp\/v2\/pages\/1392\/revisions\/2172"}],"wp:attachment":[{"href":"https:\/\/fawino.ch\/fr\/wp-json\/wp\/v2\/media?parent=1392"}],"curies":[{"name":"wp","href":"https:\/\/api.w.org\/{rel}","templated":true}]}}