{"id":1382,"date":"2014-04-09T15:48:14","date_gmt":"2014-04-09T13:48:14","guid":{"rendered":"https:\/\/fawino.ch\/vigneti-2\/"},"modified":"2023-08-10T16:21:54","modified_gmt":"2023-08-10T14:21:54","slug":"notre-vignoble","status":"publish","type":"page","link":"https:\/\/fawino.ch\/fr\/notre-vignoble\/","title":{"rendered":"Vignoble"},"content":{"rendered":"<div class=\"wpb-content-wrapper\"><p>[vc_row][vc_column][vc_row_inner][vc_column_inner]<div id=\"ultimate-heading-394069e45db1c8158\" class=\"uvc-heading ult-adjust-bottom-margin ultimate-heading-394069e45db1c8158 uvc-4787  uvc-heading-default-font-sizes\" data-hspacer=\"no_spacer\"  data-halign=\"center\" style=\"text-align:center\"><div class=\"uvc-heading-spacer no_spacer\" style=\"top\"><\/div><div class=\"uvc-main-heading ult-responsive\"  data-ultimate-target='.uvc-heading.ultimate-heading-394069e45db1c8158 h2'  data-responsive-json-new='{\"font-size\":\"\",\"line-height\":\"\"}' ><h2 style=\"--font-weight:theme;margin-bottom:30px;\">NOTRE VIGNOBLE<\/h2><\/div><\/div><blockquote class=\"text-big fadeInUp animate-element shortcode-blockquote\"><h3 style=\"text-align: center;\"><em><span style=\"color: #b71646;\">Nous cultivons tous nos vignobles avec passion. C\u2019est un travail m\u00e9ticuleux encore effectu\u00e9 \u00e0 la main, compte tenu de la morphologie du terrain.\u00a0<\/span><\/em><\/h3>\n<\/blockquote>[\/vc_column_inner][\/vc_row_inner]<div class=\"ult-spacer spacer-69e45db1c8276\" data-id=\"69e45db1c8276\" data-height=\"60\" data-height-mobile=\"60\" data-height-tab=\"60\" data-height-tab-portrait=\"\" data-height-mobile-landscape=\"\" style=\"clear:both;display:block;\"><\/div><div id=\"ultimate-heading-522969e45db1c82c1\" class=\"uvc-heading ult-adjust-bottom-margin ultimate-heading-522969e45db1c82c1 uvc-6595 accent-title-color uvc-heading-default-font-sizes\" data-hspacer=\"no_spacer\"  data-halign=\"left\" style=\"text-align:left\"><div class=\"uvc-heading-spacer no_spacer\" style=\"top\"><\/div><div class=\"uvc-main-heading ult-responsive\"  data-ultimate-target='.uvc-heading.ultimate-heading-522969e45db1c82c1 h3'  data-responsive-json-new='{\"font-size\":\"\",\"line-height\":\"\"}' ><h3 style=\"--font-weight:theme;\">Du Monte Generoso au Monte San Giorgio<\/h3><\/div><\/div>[vc_separator css=\u00a0\u00bb.vc_custom_1620825340801{padding-bottom: 30px !important;}\u00a0\u00bb][vc_row_inner equal_height=\u00a0\u00bbyes\u00a0\u00bb gap=\u00a0\u00bb10&Prime; css=\u00a0\u00bb.vc_custom_1620825721996{padding-bottom: 20px !important;}\u00a0\u00bb][vc_column_inner width=\u00a0\u00bb1\/2&Prime;][vc_column_text]La Cantina Fawino a \u00e9t\u00e9 fond\u00e9e en 2012 par deux jeunes vignerons qui ont grandi dans le Mendrisiotto : Simone Favini et Claudio Widmer. La cave est situ\u00e9e \u00e0 Mendrisio et le domaine, qui s&rsquo;\u00e9tend sur pr\u00e8s de 4 hectares, est r\u00e9parti sur les pentes des deux montagnes les plus c\u00e9l\u00e8bres du Mendrisiotto : le Monte San Giorgio et le Monte Generoso. Les sous-sols de la premi\u00e8re sont peupl\u00e9s de fossiles uniques au monde et c&rsquo;est pour cette raison que la montagne a \u00e9t\u00e9 inscrite sur la liste du patrimoine mondial de l&rsquo;UNESCO en 2003. La deuxi\u00e8me est une splendide destination touristique qui attire des milliers de visiteurs chaque ann\u00e9e. Nos vignobles sont situ\u00e9s sur les pentes de ces montagnes : \u00e0 Meride (583 m d&rsquo;altitude) et \u00e0 Salorino (473 m d&rsquo;altitude). Ce sont pr\u00e9cis\u00e9ment les conditions p\u00e9doclimatiques particuli\u00e8res de ces deux r\u00e9gions qui rendent nos vins uniques.[\/vc_column_text][\/vc_column_inner][vc_column_inner width=\u00a0\u00bb1\/4&Prime;][vc_single_image image=\u00a0\u00bb1480&Prime; img_size=\u00a0\u00bbfull\u00a0\u00bb alignment=\u00a0\u00bbcenter\u00a0\u00bb onclick=\u00a0\u00bblink_image\u00a0\u00bb][\/vc_column_inner][vc_column_inner width=\u00a0\u00bb1\/4&Prime;][vc_single_image image=\u00a0\u00bb1481&Prime; img_size=\u00a0\u00bbfull\u00a0\u00bb alignment=\u00a0\u00bbcenter\u00a0\u00bb onclick=\u00a0\u00bblink_image\u00a0\u00bb][\/vc_column_inner][\/vc_row_inner][vc_row_inner gap=\u00a0\u00bb10&Prime;][vc_column_inner width=\u00a0\u00bb1\/2&Prime;][vc_single_image image=\u00a0\u00bb913&Prime; img_size=\u00a0\u00bbfull\u00a0\u00bb alignment=\u00a0\u00bbcenter\u00a0\u00bb onclick=\u00a0\u00bblink_image\u00a0\u00bb][\/vc_column_inner][vc_column_inner width=\u00a0\u00bb1\/4&Prime;][vc_column_text]Les \u00ab\u00a0vins des deux montagnes\u00a0\u00bb, comme nous aimons les appeler, sont deux blancs, quatre rouges et deux mousseux. Ce qui les caract\u00e9rise, c&rsquo;est la nature unique du sol, l&rsquo;altitude et le climat qui leur conf\u00e8rent min\u00e9ralit\u00e9, \u00e9l\u00e9gance et finesse. Nous cultivons personnellement nos vignes, principalement \u00e0 la main en raison de la morphologie du terrain. La culture respecte les r\u00e8gles de la production int\u00e9gr\u00e9e, en assurant autant que possible la biodiversit\u00e9 afin d&rsquo;obtenir une meilleure qualit\u00e9 de nos raisins. Outre le merlot, les principales vari\u00e9t\u00e9s cultiv\u00e9es sont le cabernet franc, la syrah, le gamaret et l&rsquo;ancellotta pour les rouges, et le sauvignon blanc, le chardonnay, le viognier et le s\u00e9millon pour les blancs.[\/vc_column_text][\/vc_column_inner][vc_column_inner width=\u00a0\u00bb1\/4&Prime;][vc_single_image image=\u00a0\u00bb1640&Prime; img_size=\u00a0\u00bbfull\u00a0\u00bb alignment=\u00a0\u00bbcenter\u00a0\u00bb onclick=\u00a0\u00bblink_image\u00a0\u00bb][\/vc_column_inner][\/vc_row_inner][\/vc_column][\/vc_row]<\/p>\n<\/div>","protected":false},"excerpt":{"rendered":"<p>[vc_row][vc_column][vc_row_inner][vc_column_inner][\/vc_column_inner][\/vc_row_inner][vc_separator css=\u00a0\u00bb.vc_custom_1620825340801{padding-bottom: 30px !important;}\u00a0\u00bb][vc_row_inner equal_height=\u00a0\u00bbyes\u00a0\u00bb gap=\u00a0\u00bb10&Prime; css=\u00a0\u00bb.vc_custom_1620825721996{padding-bottom: 20px !important;}\u00a0\u00bb][vc_column_inner width=\u00a0\u00bb1\/2&Prime;][vc_column_text]La Cantina Fawino a \u00e9t\u00e9 fond\u00e9e en 2012 par deux jeunes vignerons qui ont grandi dans le Mendrisiotto : Simone Favini et Claudio Widmer. La cave est situ\u00e9e \u00e0 Mendrisio et le domaine, qui s&rsquo;\u00e9tend sur pr\u00e8s de 4 hectares, est r\u00e9parti sur les pentes des&hellip;<\/p>\n","protected":false},"author":3,"featured_media":0,"parent":0,"menu_order":0,"comment_status":"closed","ping_status":"closed","template":"","meta":{"footnotes":""},"class_list":["post-1382","page","type-page","status-publish","hentry","description-off"],"_links":{"self":[{"href":"https:\/\/fawino.ch\/fr\/wp-json\/wp\/v2\/pages\/1382","targetHints":{"allow":["GET"]}}],"collection":[{"href":"https:\/\/fawino.ch\/fr\/wp-json\/wp\/v2\/pages"}],"about":[{"href":"https:\/\/fawino.ch\/fr\/wp-json\/wp\/v2\/types\/page"}],"author":[{"embeddable":true,"href":"https:\/\/fawino.ch\/fr\/wp-json\/wp\/v2\/users\/3"}],"replies":[{"embeddable":true,"href":"https:\/\/fawino.ch\/fr\/wp-json\/wp\/v2\/comments?post=1382"}],"version-history":[{"count":7,"href":"https:\/\/fawino.ch\/fr\/wp-json\/wp\/v2\/pages\/1382\/revisions"}],"predecessor-version":[{"id":1643,"href":"https:\/\/fawino.ch\/fr\/wp-json\/wp\/v2\/pages\/1382\/revisions\/1643"}],"wp:attachment":[{"href":"https:\/\/fawino.ch\/fr\/wp-json\/wp\/v2\/media?parent=1382"}],"curies":[{"name":"wp","href":"https:\/\/api.w.org\/{rel}","templated":true}]}}