{"id":397,"date":"2014-08-18T12:01:16","date_gmt":"2014-08-18T10:01:16","guid":{"rendered":"http:\/\/fawino.ch\/index2.php\/?page_id=397"},"modified":"2025-11-24T10:55:14","modified_gmt":"2025-11-24T09:55:14","slug":"shop-fawino","status":"publish","type":"page","link":"https:\/\/fawino.ch\/de\/shop-fawino\/","title":{"rendered":"Shop"},"content":{"rendered":"<div class=\"wpb-content-wrapper\"><p>[vc_row][vc_column][vc_single_image image=&#8220;1610&#8243; img_size=&#8220;full&#8220; alignment=&#8220;center&#8220; css=&#8220;.vc_custom_1691675376119{padding-bottom: 60px !important;}&#8220;]\n<div class=\"wpcf7 no-js\" id=\"wpcf7-f402-o1\" lang=\"it-IT\" dir=\"ltr\" data-wpcf7-id=\"402\">\n<div class=\"screen-reader-response\"><p role=\"status\" aria-live=\"polite\" aria-atomic=\"true\"><\/p> <ul><\/ul><\/div>\n<form action=\"\/de\/wp-json\/wp\/v2\/pages\/397#wpcf7-f402-o1\" method=\"post\" class=\"wpcf7-form init\" aria-label=\"Modulo di contatto\" novalidate=\"novalidate\" data-status=\"init\">\n<fieldset class=\"hidden-fields-container\"><input type=\"hidden\" name=\"_wpcf7\" value=\"402\" \/><input type=\"hidden\" name=\"_wpcf7_version\" value=\"6.1.5\" \/><input type=\"hidden\" name=\"_wpcf7_locale\" value=\"it_IT\" \/><input type=\"hidden\" name=\"_wpcf7_unit_tag\" value=\"wpcf7-f402-o1\" \/><input type=\"hidden\" name=\"_wpcf7_container_post\" value=\"0\" \/><input type=\"hidden\" name=\"_wpcf7_posted_data_hash\" value=\"\" \/><input type=\"hidden\" name=\"nlang\" value=\"de\" \/>\n<\/fieldset>\n<table width=\"100%\">\n\t<tr>\n\t\t<td width=\"50%\">\n\t\t\t<p><img decoding=\"async\" src=\"http:\/\/www.fawino.ch\/images\/goccia-giullare.jpg\" \/>\n\t\t\t\t<font color=\"#222222\"><strong>GIULLARE<\/strong>\n\t\t\t\t<\/font><br \/>\nBianco di Merlot DOC<br \/>\nFr. 18.- \/ Flasche\n\t\t\t<\/p>\n\t\t\t<font color=\"#000000\">Anzahl der Flaschen =\n\t\t\t<\/font>\n\t\t\t<p><span class=\"wpcf7-form-control-wrap\" data-name=\"number-01\"><input class=\"wpcf7-form-control wpcf7-number wpcf7-validates-as-number\" id=\"1\" min=\"0\" aria-invalid=\"false\" value=\"0\" type=\"number\" name=\"number-01\" \/><\/span>\n\t\t\t<\/p>\n\t\t<\/td>\n\t\t<td width=\"50%\">\n\t\t\t<p><img decoding=\"async\" src=\"http:\/\/www.fawino.ch\/images\/goccia-elsbeth.jpg\" \/>\n\t\t\t\t<font color=\"#222222\"><strong>ELSBETH<\/strong>\n\t\t\t\t<\/font><br \/>\nBianco del Ticino DOC<br \/>\nFr. 25.- \/ Flasche\n\t\t\t<\/p>\n\t\t\t<font color=\"#000000\">Anzahl der Flaschen =\n\t\t\t<\/font>\n\t\t\t<p><span class=\"wpcf7-form-control-wrap\" data-name=\"number-02\"><input class=\"wpcf7-form-control wpcf7-number wpcf7-validates-as-number\" min=\"0\" aria-invalid=\"false\" value=\"0\" type=\"number\" name=\"number-02\" \/><\/span>\n\t\t\t<\/p>\n\t\t<\/td>\n\t<\/tr>\n\t<tr>\n\t\t<td width=\"50%\">\n\t\t\t<p><img decoding=\"async\" src=\"http:\/\/www.fawino.ch\/images\/goccia-cantastorie.png\" \/>\n\t\t\t\t<font color=\"#222222\"><strong>CANTASTORIE ohne sulfites<\/strong>\n\t\t\t\t<\/font><br \/>\nTicino DOC Merlot<br \/>\nFr. 22.50 \/ Flasche\n\t\t\t<\/p>\n\t\t\t<font color=\"#000000\">Anzahl der Flaschen =\n\t\t\t<\/font>\n\t\t\t<p><span class=\"wpcf7-form-control-wrap\" data-name=\"number-09\"><input class=\"wpcf7-form-control wpcf7-number wpcf7-validates-as-number\" min=\"0\" aria-invalid=\"false\" value=\"0\" type=\"number\" name=\"number-09\" \/><\/span>\n\t\t\t<\/p>\n\t\t<\/td>\n\t\t<td width=\"50%\">\n\t\t\t<p><img decoding=\"async\" src=\"http:\/\/www.fawino.ch\/images\/goccia-cantastorie.png\" \/>\n\t\t\t\t<font color=\"#222222\"><strong>CANTASTORIE<\/strong>\n\t\t\t\t<\/font><br \/>\nTicino DOC Merlot <img decoding=\"async\" src=\"https:\/\/fawino.ch\/wp-content\/uploads\/2024\/07\/Gold-medal-2.png\" \/><i>Gold Medal<\/i><br \/>\nFr. 18.- \/ Flasche\n\t\t\t<\/p>\n\t\t\t<font color=\"#000000\">Anzahl der Flaschen =\n\t\t\t<\/font>\n\t\t\t<p><span class=\"wpcf7-form-control-wrap\" data-name=\"number-04\"><input class=\"wpcf7-form-control wpcf7-number wpcf7-validates-as-number\" min=\"0\" aria-invalid=\"false\" value=\"0\" type=\"number\" name=\"number-04\" \/><\/span>\n\t\t\t<\/p>\n\t\t<\/td>\n\t<\/tr>\n\t<tr>\n\t\t<td width=\"50%\">\n\t\t\t<p><img decoding=\"async\" src=\"http:\/\/www.fawino.ch\/images\/goccia-meride.jpg\" \/>\n\t\t\t\t<font color=\"#222222\"><strong>MERIDE<\/strong>\n\t\t\t\t<\/font><br \/>\nTicino DOC Merlot <img decoding=\"async\" src=\"https:\/\/fawino.ch\/wp-content\/uploads\/2024\/07\/Gold-medal-2.png\" \/><i>Gold Medal<\/i><br \/>\nFr. 26.50 \/ Flasche\n\t\t\t<\/p>\n\t\t\t<font color=\"#000000\">Anzahl der Flaschen =\n\t\t\t<\/font>\n\t\t\t<p><span class=\"wpcf7-form-control-wrap\" data-name=\"number-06\"><input class=\"wpcf7-form-control wpcf7-number wpcf7-validates-as-number\" min=\"0\" aria-invalid=\"false\" value=\"0\" type=\"number\" name=\"number-06\" \/><\/span>\n\t\t\t<\/p>\n\t\t<\/td>\n\t\t<td width=\"50%\">\n\t\t\t<p><img decoding=\"async\" src=\"http:\/\/www.fawino.ch\/images\/goccia-musa.png\" \/>\n\t\t\t\t<font color=\"#222222\"><strong>MUSA<\/strong>\n\t\t\t\t<\/font><br \/>\nTicino DOC Merlot<br \/>\nFr. 35.- \/ Flasche\n\t\t\t<\/p>\n\t\t\t<font color=\"#000000\">Anzahl der Flaschen =\n\t\t\t<\/font>\n\t\t\t<p><span class=\"wpcf7-form-control-wrap\" data-name=\"number-07\"><input class=\"wpcf7-form-control wpcf7-number wpcf7-validates-as-number\" min=\"0\" aria-invalid=\"false\" value=\"0\" type=\"number\" name=\"number-07\" \/><\/span>\n\t\t\t<\/p>\n\t\t<\/td>\n\t<\/tr>\n\t<tr>\n\t\t<td width=\"50%\">\n\t\t\t<p><img decoding=\"async\" src=\"http:\/\/www.fawino.ch\/images\/goccia-cantastorie.png\" \/>\n\t\t\t\t<font color=\"#222222\"><strong>MANGIAFUOCO<\/strong>\n\t\t\t\t<\/font><br \/>\nRosso del Ticino DOC<br \/>\nFr. 36.- \/ bott.\n\t\t\t<\/p>\n\t\t\t<font color=\"#000000\">Anzahl der Flaschen =\n\t\t\t<\/font>\n\t\t\t<p><span class=\"wpcf7-form-control-wrap\" data-name=\"number-11\"><input class=\"wpcf7-form-control wpcf7-number wpcf7-validates-as-number\" min=\"0\" aria-invalid=\"false\" value=\"0\" type=\"number\" name=\"number-11\" \/><\/span>\n\t\t\t<\/p>\n\t\t<\/td>\n\t\t<td width=\"50%\">\n\t\t<\/td>\n\t<\/tr>\n\t<tr>\n\t\t<td width=\"50%\">\n\t\t\t<p><img decoding=\"async\" src=\"http:\/\/www.fawino.ch\/images\/goccia-rosato.png\" \/>\n\t\t\t\t<font color=\"#222222\"><strong>SALTIMBANCO ROS\u00c9<\/strong>\n\t\t\t\t<\/font><br \/>\nSpumante Ros\u00e9 Brut ITG Svizzera<br \/>\nFr. 28.50 \/ Flasche\n\t\t\t<\/p>\n\t\t\t<font color=\"#000000\">Anzahl der Flaschen =\n\t\t\t<\/font>\n\t\t\t<p><span class=\"wpcf7-form-control-wrap\" data-name=\"number-08\"><input class=\"wpcf7-form-control wpcf7-number wpcf7-validates-as-number\" min=\"0\" aria-invalid=\"false\" value=\"0\" type=\"number\" name=\"number-08\" \/><\/span>\n\t\t\t<\/p>\n\t\t<\/td>\n\t\t<td width=\"50%\">\n\t\t\t<p><img decoding=\"async\" src=\"http:\/\/www.fawino.ch\/images\/goccia-giullare.jpg\" \/>\n\t\t\t\t<font color=\"#222222\"><strong>SALTIMBANCO BIANCO<\/strong>\n\t\t\t\t<\/font><br \/>\nSpumante Chardonnay Brut ITG Svizzera<br \/>\nFr. 31.50 \/ Flasche\n\t\t\t<\/p>\n\t\t\t<font color=\"#000000\">Anzahl der Flaschen =\n\t\t\t<\/font>\n\t\t\t<p><span class=\"wpcf7-form-control-wrap\" data-name=\"number-10\"><input class=\"wpcf7-form-control wpcf7-number wpcf7-validates-as-number\" min=\"0\" aria-invalid=\"false\" value=\"0\" type=\"number\" name=\"number-10\" \/><\/span>\n\t\t\t<\/p>\n\t\t<\/td>\n\t<\/tr>\n<\/table>\n<p><strong>RABATTCODE<\/strong>\n<\/p>\n<p><span class=\"wpcf7-form-control-wrap\" data-name=\"text-739\"><input size=\"40\" maxlength=\"400\" class=\"wpcf7-form-control wpcf7-text\" aria-invalid=\"false\" value=\"\" type=\"text\" name=\"text-739\" \/><\/span>\n<\/p>\n<p><strong>WARENABHOLUNG<\/strong>\n<\/p>\n<p><span class=\"wpcf7-form-control-wrap\" data-name=\"radio-723\"><span class=\"wpcf7-form-control wpcf7-radio\"><span class=\"wpcf7-list-item first\"><label><input type=\"radio\" name=\"radio-723\" value=\"Versand Waren zu Hause\" checked=\"checked\" \/><span class=\"wpcf7-list-item-label\">Versand Waren zu Hause<\/span><\/label><\/span><span class=\"wpcf7-list-item last\"><label><input type=\"radio\" name=\"radio-723\" value=\"Franko Cantina\" \/><span class=\"wpcf7-list-item-label\">Franko Cantina<\/span><\/label><\/span><\/span><\/span>\n<\/p>\n<p>Vollst\u00e4ndiger Name\n\t<font color=\"#9c173d\">*\n\t<\/font>\n<\/p>\n<p><span class=\"wpcf7-form-control-wrap\" data-name=\"your-name\"><input size=\"40\" maxlength=\"400\" class=\"wpcf7-form-control wpcf7-text wpcf7-validates-as-required\" aria-required=\"true\" aria-invalid=\"false\" value=\"\" type=\"text\" name=\"your-name\" \/><\/span>\n<\/p>\n<p>E-mail\n\t<font color=\"#9c173d\">*\n\t<\/font>\n<\/p>\n<p><span class=\"wpcf7-form-control-wrap\" data-name=\"your-email\"><input size=\"40\" maxlength=\"400\" class=\"wpcf7-form-control wpcf7-email wpcf7-validates-as-required wpcf7-text wpcf7-validates-as-email\" aria-required=\"true\" aria-invalid=\"false\" value=\"\" type=\"email\" name=\"your-email\" \/><\/span>\n<\/p>\n<p>Adresse\n\t<font color=\"#9c173d\">*\n\t<\/font>\n<\/p>\n<p><span class=\"wpcf7-form-control-wrap\" data-name=\"your-message\"><textarea cols=\"40\" rows=\"10\" maxlength=\"2000\" class=\"wpcf7-form-control wpcf7-textarea wpcf7-validates-as-required\" aria-required=\"true\" aria-invalid=\"false\" name=\"your-message\"><\/textarea><\/span>\n<\/p>\n<p>Bemerkungen\n<\/p>\n<p><span class=\"wpcf7-form-control-wrap\" data-name=\"textarea-548\"><textarea cols=\"40\" rows=\"10\" maxlength=\"2000\" class=\"wpcf7-form-control wpcf7-textarea\" aria-invalid=\"false\" name=\"textarea-548\"><\/textarea><\/span>\n<\/p>\n<p>Anti-spam\n\t<font color=\"#9c173d\">*\n\t<\/font> - Beantworten Sie die folgende Frage: <span class=\"wpcf7-form-control-wrap\" data-name=\"capital-quiz\"><label><span class=\"wpcf7-quiz-label\">ist die Erdbeere rot oder schwarz?<\/span> <input size=\"40\" class=\"wpcf7-form-control wpcf7-quiz\" id=\"qatest\" autocomplete=\"off\" aria-required=\"true\" aria-invalid=\"false\" type=\"text\" name=\"capital-quiz\" \/><\/label><input type=\"hidden\" name=\"_wpcf7_quiz_answer_capital-quiz\" value=\"bf7e24408451105a82aa28873e2c25c7\" \/><\/span>\n<\/p>\n<p>\n\t<font color=\"#9c173d\">*\n\t<\/font> Pflichtfelder\n<\/p>\n<p><input class=\"wpcf7-form-control wpcf7-submit has-spinner\" type=\"submit\" value=\"Bestellung abschicken\" \/>\n<\/p>\n<p>Sie erhalten umgehend per E-Mail eine Bestellungsbest\u00e4tigung.\n<\/p><div class=\"wpcf7-response-output\" aria-hidden=\"true\"><\/div>\n<\/form>\n<\/div>\n<div id=\"ultimate-heading-69769e45ec9b1646\" class=\"uvc-heading ult-adjust-bottom-margin ultimate-heading-69769e45ec9b1646 uvc-3910 accent-title-color uvc-heading-default-font-sizes\" data-hspacer=\"line_with_icon\" data-hline_width=\"auto\" data-hicon_type=\"custom\" data-hborder_style=\"solid\" data-hborder_height=\"1\" data-hborder_color=\"#dbdbdb\" data-icon_width=\"16\" data-hfixer=\"10\"  data-halign=\"center\" style=\"text-align:center\"><div class=\"uvc-main-heading ult-responsive\"  data-ultimate-target='.uvc-heading.ultimate-heading-69769e45ec9b1646 h3'  data-responsive-json-new='{\"font-size\":\"\",\"line-height\":\"\"}' ><h3 style=\"--font-weight:theme;margin-top:60px;\">Unsere Verpackungsvorschl\u00e4ge<\/h3><\/div><div class=\"uvc-heading-spacer line_with_icon\" style=\"margin-bottom:30px;\"><div class=\"ult-just-icon-wrapper  \"><div class=\"align-icon\" style=\"text-align:center;\">\n<div class=\"aio-icon-img \" style=\"font-size:16px;display:inline-block;\" >\n\t<img decoding=\"async\" class=\"img-icon\" alt=\"null\" src=\"https:\/\/fawino.ch\/wp-content\/uploads\/2014\/09\/favicon.jpg\"\/>\n<\/div><\/div><\/div><\/div><\/div>[vc_row_inner][vc_column_inner width=&#8220;1\/6&#8243;][\/vc_column_inner][vc_column_inner width=&#8220;2\/3&#8243;][vc_single_image image=&#8220;1986&#8243; img_size=&#8220;full&#8220; alignment=&#8220;center&#8220; css=&#8220;.vc_custom_1695800392050{padding-bottom: 20px !important;}&#8220;][vc_column_text]<\/p>\n<p style=\"text-align: center;\"><strong><a href=\"https:\/\/fawino.ch\/wp-content\/uploads\/2023\/09\/Imballaggi.pdf\" target=\"_blank\" rel=\"noopener\">&gt;&gt;&gt; Laden Sie die PDF-Datei herunter<\/a><\/strong><\/p>\n<p>[\/vc_column_text][\/vc_column_inner][vc_column_inner width=&#8220;1\/6&#8243;][\/vc_column_inner][\/vc_row_inner]<div id=\"ultimate-heading-246169e45ec9b17a0\" class=\"uvc-heading ult-adjust-bottom-margin ultimate-heading-246169e45ec9b17a0 uvc-2574 accent-title-color uvc-heading-default-font-sizes\" data-hspacer=\"line_with_icon\" data-hline_width=\"auto\" data-hicon_type=\"custom\" data-hborder_style=\"solid\" data-hborder_height=\"1\" data-hborder_color=\"#dbdbdb\" data-icon_width=\"16\" data-hfixer=\"10\"  data-halign=\"center\" style=\"text-align:center\"><div class=\"uvc-main-heading ult-responsive\"  data-ultimate-target='.uvc-heading.ultimate-heading-246169e45ec9b17a0 h3'  data-responsive-json-new='{\"font-size\":\"\",\"line-height\":\"\"}' ><h3 style=\"--font-weight:theme;margin-top:60px;\">Verkaufsbedingungen<\/h3><\/div><div class=\"uvc-heading-spacer line_with_icon\" style=\"margin-bottom:30px;\"><div class=\"ult-just-icon-wrapper  \"><div class=\"align-icon\" style=\"text-align:center;\">\n<div class=\"aio-icon-img \" style=\"font-size:16px;display:inline-block;\" >\n\t<img decoding=\"async\" class=\"img-icon\" alt=\"null\" src=\"https:\/\/fawino.ch\/wp-content\/uploads\/2014\/09\/favicon.jpg\"\/>\n<\/div><\/div><\/div><\/div><\/div>[vc_column_text css=&#8220;&#8220;]<strong>Zahlung<\/strong><br \/>\nBar oder per Einzahlunsschein 30 Tage netto.<\/p>\n<p><strong>Preise<br \/>\n<\/strong>Alle Preise sind in CHF inklusive MWST. (ohne Lieferkosten)<\/p>\n<p><strong>Lieferung<br \/>\n<\/strong>Versand von Waren ausschlie\u00dflich f\u00fcr die Schweiz vorbehalten. Mindestbestellmenge: 6 Flaschen.<\/p>\n<p><strong>Autotransport &#8211; Planzer (agg. 09.2023)<br \/>\n<\/strong>6 Flaschen: 12.- CHF<br \/>\n12 Flaschen: 24.- CHF<br \/>\n18 Flaschen: 36.- CHF<br \/>\n24 Flaschen: 48.- CHF<br \/>\n36 Flaschen: 60.- CHF<br \/>\n48 Flaschen: 72.- CHF<\/p>\n<p>Der Verkauf von Weinen ist an unter 18-J\u00e4hrige verboten.\u00a0Ihre pers\u00f6nlichen Angaben f\u00fcr die Bestellung werden vertrauensw\u00fcrdig behandelt.[\/vc_column_text][\/vc_column][\/vc_row]<\/p>\n<\/div>","protected":false},"excerpt":{"rendered":"<p>[vc_row][vc_column][vc_single_image image=&#8220;1610&#8243; img_size=&#8220;full&#8220; alignment=&#8220;center&#8220; css=&#8220;.vc_custom_1691675376119{padding-bottom: 60px !important;}&#8220;][vc_row_inner][vc_column_inner width=&#8220;1\/6&#8243;][\/vc_column_inner][vc_column_inner width=&#8220;2\/3&#8243;][vc_single_image image=&#8220;1986&#8243; img_size=&#8220;full&#8220; alignment=&#8220;center&#8220; css=&#8220;.vc_custom_1695800392050{padding-bottom: 20px !important;}&#8220;][vc_column_text] &gt;&gt;&gt; Laden Sie die PDF-Datei herunter [\/vc_column_text][\/vc_column_inner][vc_column_inner width=&#8220;1\/6&#8243;][\/vc_column_inner][\/vc_row_inner][vc_column_text css=&#8220;&#8220;]Zahlung Bar oder per Einzahlunsschein 30 Tage netto. Preise Alle Preise sind in CHF inklusive MWST. (ohne Lieferkosten) Lieferung Versand von Waren ausschlie\u00dflich f\u00fcr die Schweiz vorbehalten. Mindestbestellmenge: 6 Flaschen. Autotransport &#8211;&hellip;<\/p>\n","protected":false},"author":3,"featured_media":0,"parent":0,"menu_order":0,"comment_status":"closed","ping_status":"closed","template":"","meta":{"footnotes":""},"class_list":["post-397","page","type-page","status-publish","hentry","description-off"],"_links":{"self":[{"href":"https:\/\/fawino.ch\/de\/wp-json\/wp\/v2\/pages\/397","targetHints":{"allow":["GET"]}}],"collection":[{"href":"https:\/\/fawino.ch\/de\/wp-json\/wp\/v2\/pages"}],"about":[{"href":"https:\/\/fawino.ch\/de\/wp-json\/wp\/v2\/types\/page"}],"author":[{"embeddable":true,"href":"https:\/\/fawino.ch\/de\/wp-json\/wp\/v2\/users\/3"}],"replies":[{"embeddable":true,"href":"https:\/\/fawino.ch\/de\/wp-json\/wp\/v2\/comments?post=397"}],"version-history":[{"count":23,"href":"https:\/\/fawino.ch\/de\/wp-json\/wp\/v2\/pages\/397\/revisions"}],"predecessor-version":[{"id":2173,"href":"https:\/\/fawino.ch\/de\/wp-json\/wp\/v2\/pages\/397\/revisions\/2173"}],"wp:attachment":[{"href":"https:\/\/fawino.ch\/de\/wp-json\/wp\/v2\/media?parent=397"}],"curies":[{"name":"wp","href":"https:\/\/api.w.org\/{rel}","templated":true}]}}