{"id":340,"date":"2014-04-09T12:08:04","date_gmt":"2014-04-09T10:08:04","guid":{"rendered":"http:\/\/fawino.ch\/index2.php\/?page_id=340"},"modified":"2025-07-24T14:53:33","modified_gmt":"2025-07-24T12:53:33","slug":"uber-uns","status":"publish","type":"page","link":"https:\/\/fawino.ch\/de\/uber-uns\/","title":{"rendered":"Uns"},"content":{"rendered":"<div class=\"wpb-content-wrapper\"><p>[vc_row css=&#8220;.vc_custom_1620817994793{padding-bottom: 30px !important;}&#8220;][vc_column]<div id=\"ultimate-heading-244269e45b1ee910f\" class=\"uvc-heading ult-adjust-bottom-margin ultimate-heading-244269e45b1ee910f uvc-489  uvc-heading-default-font-sizes\" data-hspacer=\"no_spacer\"  data-halign=\"center\" style=\"text-align:center\"><div class=\"uvc-heading-spacer no_spacer\" style=\"top\"><\/div><div class=\"uvc-main-heading ult-responsive\"  data-ultimate-target='.uvc-heading.ultimate-heading-244269e45b1ee910f h2'  data-responsive-json-new='{\"font-size\":\"\",\"line-height\":\"\"}' ><h2 style=\"--font-weight:theme;margin-bottom:60px;\">\u00dcBER UNS<\/h2><\/div><\/div><div id=\"ultimate-heading-679469e45b1eea152\" class=\"uvc-heading ult-adjust-bottom-margin ultimate-heading-679469e45b1eea152 uvc-9841 accent-title-color uvc-heading-default-font-sizes\" data-hspacer=\"no_spacer\"  data-halign=\"left\" style=\"text-align:left\"><div class=\"uvc-heading-spacer no_spacer\" style=\"top\"><\/div><div class=\"uvc-main-heading ult-responsive\"  data-ultimate-target='.uvc-heading.ultimate-heading-679469e45b1eea152 h3'  data-responsive-json-new='{\"font-size\":\"\",\"line-height\":\"\"}' ><h3 style=\"--font-weight:theme;\">Claudio Widmer<\/h3><\/div><div class=\"uvc-sub-heading ult-responsive\"  data-ultimate-target='.uvc-heading.ultimate-heading-679469e45b1eea152 .uvc-sub-heading '  data-responsive-json-new='{\"font-size\":\"\",\"line-height\":\"\"}'  style=\"font-weight:normal;\">Besitzer \u2022 \u00d6nologe<\/div><\/div>[vc_separator css=&#8220;.vc_custom_1620817678383{padding-bottom: 30px !important;}&#8220;][vc_row_inner][vc_column_inner width=&#8220;1\/3&#8243; css=&#8220;.vc_custom_1620881710567{padding-bottom: 10px !important;}&#8220;][vc_column_text]Claudio Widmer studiert zuerst \u00d6konomie und arbeitet 5 Jahre lang in einer Bank. W\u00e4hrend dieser Zeit w\u00e4chst in ihm der Wunsch, etwas mit seinen H\u00e4nden zu kreieren und mehr in der Natur zu sein. Er verl\u00e4sst die Bank und beginnt in einem Weinberg im Mendrisiotto ein Praktikum, w\u00e4hrend dem er sich f\u00fcr ein \u00d6nologie-Studium an der Weinschule Changins (VD) entscheidet. Im September 2009 schliesst er sein Diplom ab und f\u00e4hrt nach Pessac-L\u00e9ognon in Frankreich, um sein \u00f6nologisches Wissen zu vertiefen. Im Jahre 2010 arbeitet er in einem renommierten Weinkeller in Chile.[\/vc_column_text][\/vc_column_inner][vc_column_inner width=&#8220;1\/3&#8243; css=&#8220;.vc_custom_1620881818680{padding-bottom: 10px !important;}&#8220;][vc_column_text]Nach dieser Zeit im Ausland kehrt er in die Schweiz zur\u00fcck und arbeitet in einem angesehenen Weinkeller im Mendrisiotto, bevor er (den Jugendfreund) Simone wieder trifft. Die beiden einigen sich, ein gemeinsames Unternehmen mit dem Namen FAWINO GmbH zu gr\u00fcnden. Aktuell unterrichtet Claudio Widmer an der Agrarfachschule Mezzana.[\/vc_column_text][\/vc_column_inner][vc_column_inner width=&#8220;1\/3&#8243;][vc_single_image image=&#8220;95&#8243; img_size=&#8220;full&#8220; alignment=&#8220;center&#8220; onclick=&#8220;link_image&#8220;][\/vc_column_inner][\/vc_row_inner][\/vc_column][\/vc_row][vc_row][vc_column]<div id=\"ultimate-heading-233469e45b1eea33b\" class=\"uvc-heading ult-adjust-bottom-margin ultimate-heading-233469e45b1eea33b uvc-5516 accent-title-color uvc-heading-default-font-sizes\" data-hspacer=\"no_spacer\"  data-halign=\"left\" style=\"text-align:left\"><div class=\"uvc-heading-spacer no_spacer\" style=\"top\"><\/div><div class=\"uvc-main-heading ult-responsive\"  data-ultimate-target='.uvc-heading.ultimate-heading-233469e45b1eea33b h3'  data-responsive-json-new='{\"font-size\":\"\",\"line-height\":\"\"}' ><h3 style=\"--font-weight:theme;\">Simone Favini<\/h3><\/div><div class=\"uvc-sub-heading ult-responsive\"  data-ultimate-target='.uvc-heading.ultimate-heading-233469e45b1eea33b .uvc-sub-heading '  data-responsive-json-new='{\"font-size\":\"\",\"line-height\":\"\"}'  style=\"font-weight:normal;\">Besitzer \u2022 \u00d6nologe<\/div><\/div>[vc_separator css=&#8220;.vc_custom_1620817678383{padding-bottom: 30px !important;}&#8220;][vc_row_inner][vc_column_inner width=&#8220;1\/3&#8243; css=&#8220;.vc_custom_1620881724101{padding-bottom: 10px !important;}&#8220;][vc_column_text]Simone Favini ist schon als Kind leidenschaftlich am Weinbau interessiert. Im Jahr 2005 vinifiziert er zum ersten Mal den Wein FA.VINO mit Trauben aus Salorino. Aus dieser fr\u00fchen Leidenschaft und der Liebe zur Natur entstand der Wunsch, \u00d6nologie in Changins (VD) zu studieren und eine eigene Produktion aufzubauen. An der \u201eGrand Prix du vin Suisse 2008\u201c bekommt er mit dem Wein \u201cMeride 2006\u201d eine Auszeichnung f\u00fcr den zweitbesten Merlot der Schweiz.[\/vc_column_text][\/vc_column_inner][vc_column_inner width=&#8220;1\/3&#8243; css=&#8220;.vc_custom_1620881720028{padding-bottom: 10px !important;}&#8220;][vc_column_text]An der \u201eMondial du Merlot 2009\u201c erh\u00e4lt er die Silbermedaille mit dem Wein \u201cTradizione, 2007\u201d. Best\u00e4rkt durch diese Erfolge entscheidet er sich, die Produktion zu steigern und eine neue, gr\u00f6ssere Weinkellerei in Mendrisio zu er\u00f6ffnen. 2012 findet er mit Claudio Widmer einen Gesch\u00e4ftspartner, um die Cantina Fawino GmbH zu gr\u00fcnden.[\/vc_column_text][\/vc_column_inner][vc_column_inner width=&#8220;1\/3&#8243;][vc_single_image image=&#8220;651&#8243; img_size=&#8220;full&#8220; alignment=&#8220;center&#8220; onclick=&#8220;link_image&#8220;][\/vc_column_inner][\/vc_row_inner][\/vc_column][\/vc_row]<\/p>\n<\/div>","protected":false},"excerpt":{"rendered":"<p>[vc_row css=&#8220;.vc_custom_1620817994793{padding-bottom: 30px !important;}&#8220;][vc_column][vc_separator css=&#8220;.vc_custom_1620817678383{padding-bottom: 30px !important;}&#8220;][vc_row_inner][vc_column_inner width=&#8220;1\/3&#8243; css=&#8220;.vc_custom_1620881710567{padding-bottom: 10px !important;}&#8220;][vc_column_text]Claudio Widmer studiert zuerst \u00d6konomie und arbeitet 5 Jahre lang in einer Bank. W\u00e4hrend dieser Zeit w\u00e4chst in ihm der Wunsch, etwas mit seinen H\u00e4nden zu kreieren und mehr in der Natur zu sein. Er verl\u00e4sst die Bank und beginnt in einem Weinberg im Mendrisiotto&hellip;<\/p>\n","protected":false},"author":3,"featured_media":0,"parent":0,"menu_order":0,"comment_status":"closed","ping_status":"closed","template":"","meta":{"footnotes":""},"class_list":["post-340","page","type-page","status-publish","hentry","description-off"],"_links":{"self":[{"href":"https:\/\/fawino.ch\/de\/wp-json\/wp\/v2\/pages\/340","targetHints":{"allow":["GET"]}}],"collection":[{"href":"https:\/\/fawino.ch\/de\/wp-json\/wp\/v2\/pages"}],"about":[{"href":"https:\/\/fawino.ch\/de\/wp-json\/wp\/v2\/types\/page"}],"author":[{"embeddable":true,"href":"https:\/\/fawino.ch\/de\/wp-json\/wp\/v2\/users\/3"}],"replies":[{"embeddable":true,"href":"https:\/\/fawino.ch\/de\/wp-json\/wp\/v2\/comments?post=340"}],"version-history":[{"count":27,"href":"https:\/\/fawino.ch\/de\/wp-json\/wp\/v2\/pages\/340\/revisions"}],"predecessor-version":[{"id":2129,"href":"https:\/\/fawino.ch\/de\/wp-json\/wp\/v2\/pages\/340\/revisions\/2129"}],"wp:attachment":[{"href":"https:\/\/fawino.ch\/de\/wp-json\/wp\/v2\/media?parent=340"}],"curies":[{"name":"wp","href":"https:\/\/api.w.org\/{rel}","templated":true}]}}